{"id":896,"date":"2023-03-17T15:27:26","date_gmt":"2023-03-17T15:27:26","guid":{"rendered":"https:\/\/solascripturauniversity.org\/?page_id=896"},"modified":"2023-03-17T15:36:29","modified_gmt":"2023-03-17T15:36:29","slug":"transfer-credits","status":"publish","type":"page","link":"https:\/\/solascripturauniversity.education\/ro\/transfer-credits\/","title":{"rendered":"Transfer credite"},"content":{"rendered":"<div data-elementor-type=\"wp-page\" data-elementor-id=\"896\" class=\"elementor elementor-896\">\n\t\t\t\t\t\t\t\t\t<section class=\"elementor-section elementor-top-section elementor-element elementor-element-97d5579 elementor-section-boxed elementor-section-height-default elementor-section-height-default\" data-id=\"97d5579\" data-element_type=\"section\">\n\t\t\t\t\t\t<div class=\"elementor-container elementor-column-gap-default\">\n\t\t\t\t\t<div class=\"elementor-column elementor-col-100 elementor-top-column elementor-element elementor-element-2b25b37f\" data-id=\"2b25b37f\" data-element_type=\"column\">\n\t\t\t<div class=\"elementor-widget-wrap elementor-element-populated\">\n\t\t\t\t\t\t\t\t<div class=\"elementor-element elementor-element-8404f83 elementor-widget elementor-widget-image\" data-id=\"8404f83\" data-element_type=\"widget\" data-widget_type=\"image.default\">\n\t\t\t\t<div class=\"elementor-widget-container\">\n\t\t\t<style>\/*! elementor - v3.11.2 - 22-02-2023 *\/\n.elementor-widget-image{text-align:center}.elementor-widget-image a{display:inline-block}.elementor-widget-image a img[src$=\".svg\"]{width:48px}.elementor-widget-image img{vertical-align:middle;display:inline-block}<\/style>\t\t\t\t\t\t\t\t\t\t\t\t<img decoding=\"async\" src=\"https:\/\/solascripturauniversity.education\/wp-content\/uploads\/2023\/03\/WhatsApp-Image-2023-03-17-at-15.06.45.jpg\" title=\"Imagine WhatsApp 2023-03-17 la 15.06.45\" alt=\"WhatsApp Image 2023-03-17 at 15.06.45\" loading=\"lazy\" \/>\t\t\t\t\t\t\t\t\t\t\t\t\t\t\t<\/div>\n\t\t\t\t<\/div>\n\t\t\t\t<div class=\"elementor-element elementor-element-348914d4 elementor-widget elementor-widget-text-editor\" data-id=\"348914d4\" data-element_type=\"widget\" data-widget_type=\"text-editor.default\">\n\t\t\t\t<div class=\"elementor-widget-container\">\n\t\t\t<style>\/*! elementor - v3.11.2 - 22-02-2023 *\/\n.elementor-widget-text-editor.elementor-drop-cap-view-stacked .elementor-drop-cap{background-color:#818a91;color:#fff}.elementor-widget-text-editor.elementor-drop-cap-view-framed .elementor-drop-cap{color:#818a91;border:3px solid;background-color:transparent}.elementor-widget-text-editor:not(.elementor-drop-cap-view-default) .elementor-drop-cap{margin-top:8px}.elementor-widget-text-editor:not(.elementor-drop-cap-view-default) .elementor-drop-cap-letter{width:1em;height:1em}.elementor-widget-text-editor .elementor-drop-cap{float:left;text-align:center;line-height:1;font-size:50px}.elementor-widget-text-editor .elementor-drop-cap-letter{display:inline-block}<\/style>\t\t\t\t<p><!-- wp:heading --><\/p>\n<h2>Transfer credite<\/h2>\n<p><!-- \/wp:heading --><\/p>\n<p>\u00a0Colegiul \u0219i Seminarul Sola Scriptura vor accepta toate creditele academice de transfer c\u00e2\u0219tigate de la alte \u0219coli teologice.* Consiliul de evaluare a facult\u0103\u021bii va evalua, de asemenea, creditele din \u0219colile laice \u0219i va acorda credit academic pentru experien\u021ba de via\u021b\u0103\/munc\u0103\/slujire bazat\u0103 pe carier\u0103, pe baza metodei de evaluare stabilite de SSCS. precum \u0219i un interviu personal\/telefonic cu candidatul. Anii de munc\u0103 cu jum\u0103tate de norm\u0103 \u00een serviciul cre\u0219tin vor primi credit. Nu se vor acorda credite academice pentru nicio implicare \u00een ministerul muzicii, indiferent de acredit\u0103rile dob\u00e2ndite anterior sau de num\u0103rul de ani de munc\u0103.<\/p>\n<p>\u00a0*Not\u0103: foaia matricol\u0103 de la \u0219colile frecventate nu trebuie s\u0103 \u00eenso\u021beasc\u0103 cererea. Pentru a fi \u00een conformitate cu legile \u0219i reglement\u0103rile federale, SSCS cere ca toate transcrierile oficiale s\u0103 fie trimise prin po\u0219t\u0103 direct la Oficiul SSCS al Registratorului.<\/p>\n<p><!-- wp:heading --><\/p>\n<h2>Evaluare pentru creditele de experien\u021b\u0103 de via\u021b\u0103<\/h2>\n<p><!-- \/wp:heading --><\/p>\n<p>\u00a0Colegiile tradi\u021bionale \u0219i agen\u021biile de acreditare au stabilit urm\u0103toarele linii directoare pentru creditul maxim primit pentru via\u021b\u0103\/munc\u0103\/minister (NOT\u0102 Creditul academic nu va fi acordat pentru nicio implicare \u00een ministerul muzicii, indiferent de acredit\u0103rile dob\u00e2ndite anterior sau de num\u0103rul de ani de serviciu):<\/p>\n<p>\u00a0 \u2022 Gradul de asociat 50% sau 45 de ore de credit<\/p>\n<p>\u00a0 \u2022 Licen\u021b\u0103 25% sau 30 de ore de credit<\/p>\n<p>\u00a0 \u2022 Master 10% sau 10 ore credit<\/p>\n<p>\u00a0 \u2022 Gradul de doctorat 60 de ore de credit academic necesare, f\u0103r\u0103 credite l\/w\/m<\/p>\n<p>\u00a0SSCS accept\u0103 credite de transfer pe baza metodei de evaluare men\u021bionate anterior, precum \u0219i un interviu personal\/telefonic cu candidatul.<\/p>\n<p>\u00a0Certificatele, diplomele, calificativele, creditele CEU \u0219i Serviciul militar al SUA sunt de asemenea luate \u00een considerare. Tezele teologice sau dizerta\u021biile de doctorat \u2013 publicate sau nepublicate \u2013 vor fi luate \u00een considerare pentru credit pe baza unei evalu\u0103ri am\u0103nun\u021bite de c\u0103tre Consiliul de evaluare a facult\u0103\u021bii.<\/p>\n<p>\u00a0\u00cen timp ce candida\u021bii pot avea mai multe credite academice \u0219i de experien\u021b\u0103 de via\u021b\u0103 dec\u00e2t minimul necesar, politica SSCS este ca candida\u021bii s\u0103 finalizeze \u00een mod satisf\u0103c\u0103tor cel pu\u021bin un semestru (15 credite) pentru a ob\u021bine gradul dorit. Toate cursurile de concentrare trebuie urmate la SSCS; nu pot fi transferate de la alte institu\u0163ii. Consiliul de evaluare a facult\u0103\u021bii va evalua cu aten\u021bie toate cererile \u0219i va emite prompt un raport de evaluare competent \u0219i calificat<\/p>\t\t\t\t\t\t<\/div>\n\t\t\t\t<\/div>\n\t\t\t\t\t<\/div>\n\t\t<\/div>\n\t\t\t\t\t\t\t<\/div>\n\t\t<\/section>\n\t\t\t\t\t\t\t<\/div>","protected":false},"excerpt":{"rendered":"<p>Transfer Credits \u00a0Sola Scriptura College and Seminary will accept all transfer academic credits earned from other Theological schools.* The Faculty Review Board will also evaluate credits from secular schools, and give academic credit for career-based life\/work\/ministry experience based on SSCS\u2019s established evaluation method as well as an in-person\/phone interview with the candidate. Years of part [&hellip;]<\/p>","protected":false},"author":1,"featured_media":0,"parent":0,"menu_order":0,"comment_status":"closed","ping_status":"closed","template":"elementor_header_footer","meta":{"footnotes":""},"class_list":["post-896","page","type-page","status-publish","hentry"],"_links":{"self":[{"href":"https:\/\/solascripturauniversity.education\/ro\/wp-json\/wp\/v2\/pages\/896","targetHints":{"allow":["GET"]}}],"collection":[{"href":"https:\/\/solascripturauniversity.education\/ro\/wp-json\/wp\/v2\/pages"}],"about":[{"href":"https:\/\/solascripturauniversity.education\/ro\/wp-json\/wp\/v2\/types\/page"}],"author":[{"embeddable":true,"href":"https:\/\/solascripturauniversity.education\/ro\/wp-json\/wp\/v2\/users\/1"}],"replies":[{"embeddable":true,"href":"https:\/\/solascripturauniversity.education\/ro\/wp-json\/wp\/v2\/comments?post=896"}],"version-history":[{"count":5,"href":"https:\/\/solascripturauniversity.education\/ro\/wp-json\/wp\/v2\/pages\/896\/revisions"}],"predecessor-version":[{"id":901,"href":"https:\/\/solascripturauniversity.education\/ro\/wp-json\/wp\/v2\/pages\/896\/revisions\/901"}],"wp:attachment":[{"href":"https:\/\/solascripturauniversity.education\/ro\/wp-json\/wp\/v2\/media?parent=896"}],"curies":[{"name":"wp","href":"https:\/\/api.w.org\/{rel}","templated":true}]}}